{"id":1480,"date":"2023-08-10T15:12:47","date_gmt":"2023-08-10T14:12:47","guid":{"rendered":"https:\/\/www.savate-aixoise.fr\/v2\/?page_id=1480"},"modified":"2025-08-26T12:50:26","modified_gmt":"2025-08-26T11:50:26","slug":"tarifs","status":"publish","type":"page","link":"https:\/\/www.savate-aixoise.fr\/v2\/tarifs\/","title":{"rendered":"TARIFS"},"content":{"rendered":"\n<p class=\"has-medium-font-size\">Toutes adh\u00e9sions \u00e0 l\u2019association Savate Aixoise Boxe Fran\u00e7aise ouvre droit \u00e0 l\u2019int\u00e9gralit\u00e9 des entra\u00eenements.<\/p>\n\n\n\n<p class=\"has-medium-font-size\"><strong>Adh\u00e9sion ADULTE <\/strong>(+ 18 ans) : <strong>180 \u20ac<\/strong><\/p>\n\n\n\n<p class=\"has-medium-font-size\"><strong>Adh\u00e9sion ADOLESCENT <\/strong>(de 13 \u00e0 17 ans) : <strong>130 \u20ac<\/strong><\/p>\n\n\n\n<ul class=\"wp-block-list\">\n<li class=\"has-medium-font-size\">Pass&rsquo;R\u00e9gion \/ r\u00e9duction de 30 \u20ac pour les gar\u00e7ons &amp; 60 \u20ac pour les filles pratiquant une activit\u00e9 de self d\u00e9fense et les jeunes en situation de handicap. <\/li>\n\n\n\n<li class=\"has-medium-font-size\">Pass&rsquo;Sport \/ r\u00e9duction de 70 \u20ac<\/li>\n\n\n\n<li class=\"has-medium-font-size\">Carte Okay \/ porte-monnaie de 100\u20ac<\/li>\n<\/ul>\n\n\n\n<p class=\"has-medium-font-size\">Afin d\u2019utiliser ces moyens de paiement, merci de nous contacter avant votre inscription. Il faudra vous munir du code transmis par l&rsquo;un des deux dispositifs. Pour plus d\u2019informations : <\/p>\n\n\n\n<ul class=\"wp-block-list\">\n<li class=\"has-medium-font-size\"><a href=\"https:\/\/www.education.gouv.fr\/le-pass-sport-323333\">Pass&rsquo;sport<\/a><\/li>\n\n\n\n<li class=\"has-medium-font-size\"><a href=\"https:\/\/www.auvergnerhonealpes.fr\/passregion\" data-type=\"link\" data-id=\"https:\/\/www.auvergnerhonealpes.fr\/passregion\">Pass&rsquo;r\u00e9gion&nbsp;<\/a><\/li>\n\n\n\n<li class=\"has-medium-font-size\"><a href=\"https:\/\/okay.savoie.fr\/\" data-type=\"link\" data-id=\"https:\/\/okay.savoie.fr\/\">Carte Okay<\/a><\/li>\n<\/ul>\n\n\n\n<div style=\"height:100px\" aria-hidden=\"true\" class=\"wp-block-spacer\"><\/div>\n\n\n<div class=\"wp-block-image\">\n<figure class=\"aligncenter size-large is-resized\"><a href=\"https:\/\/www.savate-aixoise.fr\/v2\/wp-content\/uploads\/2022\/08\/IMG_2654.jpg\"><img loading=\"lazy\" decoding=\"async\" width=\"1024\" height=\"683\" src=\"https:\/\/www.savate-aixoise.fr\/v2\/wp-content\/uploads\/2022\/08\/IMG_2654-1024x683.jpg\" alt=\"\" class=\"wp-image-1233\" style=\"width:793px;height:529px\" srcset=\"https:\/\/www.savate-aixoise.fr\/v2\/wp-content\/uploads\/2022\/08\/IMG_2654-1024x683.jpg 1024w, https:\/\/www.savate-aixoise.fr\/v2\/wp-content\/uploads\/2022\/08\/IMG_2654-300x200.jpg 300w, https:\/\/www.savate-aixoise.fr\/v2\/wp-content\/uploads\/2022\/08\/IMG_2654-768x512.jpg 768w, https:\/\/www.savate-aixoise.fr\/v2\/wp-content\/uploads\/2022\/08\/IMG_2654-1536x1025.jpg 1536w, https:\/\/www.savate-aixoise.fr\/v2\/wp-content\/uploads\/2022\/08\/IMG_2654.jpg 2048w\" sizes=\"auto, (max-width: 1024px) 100vw, 1024px\" \/><\/a><\/figure>\n<\/div>","protected":false},"excerpt":{"rendered":"<p>Toutes adh\u00e9sions \u00e0 l\u2019association Savate Aixoise Boxe Fran\u00e7aise ouvre droit \u00e0 l\u2019int\u00e9gralit\u00e9 des entra\u00eenements. Adh\u00e9sion ADULTE (+ 18 ans) : 180 \u20ac Adh\u00e9sion ADOLESCENT (de&#8230;<\/p>\n","protected":false},"author":1,"featured_media":0,"parent":0,"menu_order":0,"comment_status":"closed","ping_status":"closed","template":"","meta":{"footnotes":""},"class_list":["post-1480","page","type-page","status-publish","hentry"],"_links":{"self":[{"href":"https:\/\/www.savate-aixoise.fr\/v2\/wp-json\/wp\/v2\/pages\/1480","targetHints":{"allow":["GET"]}}],"collection":[{"href":"https:\/\/www.savate-aixoise.fr\/v2\/wp-json\/wp\/v2\/pages"}],"about":[{"href":"https:\/\/www.savate-aixoise.fr\/v2\/wp-json\/wp\/v2\/types\/page"}],"author":[{"embeddable":true,"href":"https:\/\/www.savate-aixoise.fr\/v2\/wp-json\/wp\/v2\/users\/1"}],"replies":[{"embeddable":true,"href":"https:\/\/www.savate-aixoise.fr\/v2\/wp-json\/wp\/v2\/comments?post=1480"}],"version-history":[{"count":8,"href":"https:\/\/www.savate-aixoise.fr\/v2\/wp-json\/wp\/v2\/pages\/1480\/revisions"}],"predecessor-version":[{"id":1587,"href":"https:\/\/www.savate-aixoise.fr\/v2\/wp-json\/wp\/v2\/pages\/1480\/revisions\/1587"}],"wp:attachment":[{"href":"https:\/\/www.savate-aixoise.fr\/v2\/wp-json\/wp\/v2\/media?parent=1480"}],"curies":[{"name":"wp","href":"https:\/\/api.w.org\/{rel}","templated":true}]}}